{"id":163,"date":"2022-01-05T04:00:51","date_gmt":"2022-01-05T04:00:51","guid":{"rendered":"https:\/\/soulvida.e-crie.com\/?page_id=163"},"modified":"2022-01-11T20:11:00","modified_gmt":"2022-01-11T20:11:00","slug":"a-radio","status":"publish","type":"page","link":"https:\/\/radiosoulvidafm.com.br\/index.php\/a-radio\/","title":{"rendered":"A R\u00e1dio"},"content":{"rendered":"<div id='full_slider_1'  class='avia-fullwidth-slider main_color avia-shadow   avia-builder-el-0  el_before_av_one_full  avia-builder-el-first   container_wrap sidebar_right'  ><div   data-size='featured'  data-lightbox_size='large'  data-animation='slide'  data-conditional_play=''  data-ids='167'  data-video_counter='0'  data-autoplay='false'  data-bg_slider='false'  data-slide_height=''  data-handle='av_slideshow_full'  data-interval='5'  data-class=' '  data-el_id=''  data-css_id=''  data-scroll_down=''  data-control_layout='av-control-default'  data-custom_markup=''  data-perma_caption=''  data-autoplay_stopper=''  data-image_attachment=''  data-min_height='0px'  data-lazy_loading='disabled'  data-src=''  data-position='top left'  data-repeat='no-repeat'  data-attach='scroll'  data-stretch=''  data-img_scrset=''  data-default-height='28.666666666667'  class='avia-slideshow avia-slideshow-1  av-control-default av-default-height-applied avia-slideshow-featured av_slideshow_full   avia-slide-slider '  itemprop=\"image\" itemscope=\"itemscope\" itemtype=\"https:\/\/schema.org\/ImageObject\" ><ul class='avia-slideshow-inner ' style='padding-bottom: 44.791666666667%;' ><li  class=' av-single-slide slide-1 ' ><div data-rel='slideshow-1' class='avia-slide-wrap '   ><img decoding=\"async\" class=\"wp-image-167 avia-img-lazy-loading-not-167\"  src=\"https:\/\/radiosoulvidafm.com.br\/wp-content\/uploads\/2022\/01\/radio_soul_vida-960x430.jpg\" width=\"960\" height=\"430\" title='Microphone over desk in radio studio.' alt=''  itemprop=\"thumbnailUrl\"   \/><\/div><\/li><\/ul><\/div><\/div><div id='after_full_slider_1'  class='main_color av_default_container_wrap container_wrap sidebar_right'  ><div class='container av-section-cont-open' ><div class='template-page content  av-content-small alpha units'><div class='post-entry post-entry-type-page post-entry-163'><div class='entry-content-wrapper clearfix'>\n\n<style type=\"text\/css\" data-created_by=\"avia_inline_auto\" id=\"style-css-av-ks5rn-f8f38f419c37faf98b5a0aa5a058c4d9\">\n#top .flex_column.av-ks5rn-f8f38f419c37faf98b5a0aa5a058c4d9{\nmargin-top:10%;\nmargin-bottom:10%;\n}\n.flex_column.av-ks5rn-f8f38f419c37faf98b5a0aa5a058c4d9{\nwidth:100%;\n}\n.responsive #top #wrap_all .flex_column.av-ks5rn-f8f38f419c37faf98b5a0aa5a058c4d9{\nmargin-top:10%;\nmargin-bottom:10%;\n}\n<\/style>\n<div class='flex_column av-ks5rn-f8f38f419c37faf98b5a0aa5a058c4d9 av_one_full  avia-builder-el-1  el_after_av_slideshow_full  el_before_av_hr  avia-builder-el-first  first flex_column_div '   ><p>\n<style type=\"text\/css\" data-created_by=\"avia_inline_auto\" id=\"style-css-av-ky10c5g3-b38ef6597b85801703d912708aece33a\">\n#top .av-special-heading.av-ky10c5g3-b38ef6597b85801703d912708aece33a{\npadding-bottom:10px;\ncolor:#ee5617;\nfont-size:38px;\n}\n.av-special-heading.av-ky10c5g3-b38ef6597b85801703d912708aece33a .special-heading-inner-border{\nborder-color:#ee5617;\n}\n<\/style>\n<div  class='av-special-heading av-ky10c5g3-b38ef6597b85801703d912708aece33a av-special-heading-h3 custom-color-heading blockquote modern-quote  avia-builder-el-2  el_before_av_textblock  avia-builder-el-first  av-inherit-size '><h3 class='av-special-heading-tag '  itemprop=\"headline\"  >A R\u00e1dio<\/h3><div class='special-heading-border'><div class='special-heading-inner-border'><\/div><\/div><\/div><br \/>\n\n<style type=\"text\/css\" data-created_by=\"avia_inline_auto\" id=\"style-css-av-ky10cza2-5c4e7ec4cb7b5abc2e96e91dfbb7a0d8\">\n.av_textblock_section.av-ky10cza2-5c4e7ec4cb7b5abc2e96e91dfbb7a0d8 .avia_textblock{\nfont-size:14px;\n}\n<\/style>\n<section  class='av_textblock_section av-ky10cza2-5c4e7ec4cb7b5abc2e96e91dfbb7a0d8 '  itemscope=\"itemscope\" itemtype=\"https:\/\/schema.org\/CreativeWork\" ><div class='avia_textblock '  itemprop=\"text\" ><p>Associa\u00e7\u00e3o Cultural Comunit\u00e1ria Princesa Isabel, CNPJ 041281770001-29, fundada em 22 de setembro de 2000, situado na Rua Professor Francisco Pinheiro, n\u00ba1315 &#8211; V Princesa Isabel Guaianases, CEP 08410-02.<br \/>\nA entidade recebeu aproximadamente dez mil assinaturas de apoio da comunidade para instaurar a r\u00e1dio comunit\u00e1ria em Guaianases. Finalmente, em 28 de junho de 2010 o Congresso Nacional outorgou o funcionamento da r\u00e1dio Soul Vida.<br \/>\nO processo entre a idealiza\u00e7\u00e3o do projeto e a r\u00e1dio instalada demorou dez anos. Hoje, a r\u00e1dio funciona na frequ\u00eancia 87,5 FM. A equipe da r\u00e1dio \u00e9 composta por um presidente, um vice-presidente, uma secret\u00e1ria, um tesoureiro, uma diretora de marketing, um sonoplasta, um t\u00e9cnico de manuten\u00e7\u00e3o e um respons\u00e1vel pela r\u00e1dio web.<br \/>\nA pauta e os programas da r\u00e1dio s\u00e3o realizados pelos diretores e pelo Conselho Comunit\u00e1rio. Os trabalhos prestados junto \u00e0 comunidade s\u00e3o de entretenimento como: m\u00fasicas, utilidade p\u00fablica, informativos e not\u00edcias.<\/p>\n<\/div><\/section><\/p><\/div>\n\n<style type=\"text\/css\" data-created_by=\"avia_inline_auto\" id=\"style-css-av-ky1qidbo-646a914817bf544ce70b18d5d1fa373a\">\n#top .hr.hr-invisible.av-ky1qidbo-646a914817bf544ce70b18d5d1fa373a{\nheight:50px;\n}\n<\/style>\n<div  class='hr av-ky1qidbo-646a914817bf544ce70b18d5d1fa373a hr-invisible  avia-builder-el-4  el_after_av_one_full  el_before_av_one_full  '><span class='hr-inner '><span class=\"hr-inner-style\"><\/span><\/span><\/div>\n<div class='flex_column av-hjmjv-c0008db4b0f8ae735fb22d0bdd503d13 av_one_full  avia-builder-el-5  el_after_av_hr  el_before_av_hr  first flex_column_div '   ><p>\n<style type=\"text\/css\" data-created_by=\"avia_inline_auto\" id=\"style-css-av-ky10e9h5-9d9a75c1c31279d4a3d710f150e3bf23\">\n#top .av-special-heading.av-ky10e9h5-9d9a75c1c31279d4a3d710f150e3bf23{\npadding-bottom:10px;\ncolor:#ee5617;\nfont-size:28px;\n}\n.av-special-heading.av-ky10e9h5-9d9a75c1c31279d4a3d710f150e3bf23 .special-heading-inner-border{\nborder-color:#ee5617;\n}\n<\/style>\n<div  class='av-special-heading av-ky10e9h5-9d9a75c1c31279d4a3d710f150e3bf23 av-special-heading-h5 custom-color-heading blockquote modern-quote  avia-builder-el-6  el_before_av_textblock  avia-builder-el-first  av-inherit-size '><h5 class='av-special-heading-tag '  itemprop=\"headline\"  >Principais Atividades<\/h5><div class='special-heading-border'><div class='special-heading-inner-border'><\/div><\/div><\/div><br \/>\n\n<style type=\"text\/css\" data-created_by=\"avia_inline_auto\" id=\"style-css-av-ky10dvhi-2c747f5e789db6df4a4a0bd0ab73519f\">\n.av_textblock_section.av-ky10dvhi-2c747f5e789db6df4a4a0bd0ab73519f .avia_textblock{\nfont-size:14px;\n}\n<\/style>\n<section  class='av_textblock_section av-ky10dvhi-2c747f5e789db6df4a4a0bd0ab73519f '  itemscope=\"itemscope\" itemtype=\"https:\/\/schema.org\/CreativeWork\" ><div class='avia_textblock '  itemprop=\"text\" ><p>\n<style type=\"text\/css\" data-created_by=\"avia_inline_auto\" id=\"style-css-av-vc38j-b4da853f75af3d1b86639c8626148220\">\n.av_font_icon.av-vc38j-b4da853f75af3d1b86639c8626148220{\ncolor:#ee5617;\nborder-color:#ee5617;\n}\n.av_font_icon.av-vc38j-b4da853f75af3d1b86639c8626148220 .av-icon-char{\nfont-size:18px;\nline-height:18px;\n}\n<\/style>\n<span  class=\"av_font_icon av-vc38j-b4da853f75af3d1b86639c8626148220 avia_animate_when_visible av-icon-style- avia-icon-pos-left avia-icon-animate \"><span class='av-icon-char' aria-hidden='true' data-av_icon='\ue875' data-av_iconfont='entypo-fontello' ><\/span><\/span>Presta\u00e7\u00e3o de servi\u00e7os para a comunidade.<br \/>\n\n<style type=\"text\/css\" data-created_by=\"avia_inline_auto\" id=\"style-css-av-vc38j-b4da853f75af3d1b86639c8626148220\">\n.av_font_icon.av-vc38j-b4da853f75af3d1b86639c8626148220{\ncolor:#ee5617;\nborder-color:#ee5617;\n}\n.av_font_icon.av-vc38j-b4da853f75af3d1b86639c8626148220 .av-icon-char{\nfont-size:18px;\nline-height:18px;\n}\n<\/style>\n<span  class=\"av_font_icon av-vc38j-b4da853f75af3d1b86639c8626148220 avia_animate_when_visible av-icon-style- avia-icon-pos-left avia-icon-animate \"><span class='av-icon-char' aria-hidden='true' data-av_icon='\ue875' data-av_iconfont='entypo-fontello' ><\/span><\/span>Passar Informa\u00e7\u00f5es sobre quest\u00f5es sociais e direitos.<br \/>\n\n<style type=\"text\/css\" data-created_by=\"avia_inline_auto\" id=\"style-css-av-vc38j-b4da853f75af3d1b86639c8626148220\">\n.av_font_icon.av-vc38j-b4da853f75af3d1b86639c8626148220{\ncolor:#ee5617;\nborder-color:#ee5617;\n}\n.av_font_icon.av-vc38j-b4da853f75af3d1b86639c8626148220 .av-icon-char{\nfont-size:18px;\nline-height:18px;\n}\n<\/style>\n<span  class=\"av_font_icon av-vc38j-b4da853f75af3d1b86639c8626148220 avia_animate_when_visible av-icon-style- avia-icon-pos-left avia-icon-animate \"><span class='av-icon-char' aria-hidden='true' data-av_icon='\ue875' data-av_iconfont='entypo-fontello' ><\/span><\/span>A\u00e7\u00f5es p\u00fablicas e culturais.<br \/>\n\n<style type=\"text\/css\" data-created_by=\"avia_inline_auto\" id=\"style-css-av-vc38j-b4da853f75af3d1b86639c8626148220\">\n.av_font_icon.av-vc38j-b4da853f75af3d1b86639c8626148220{\ncolor:#ee5617;\nborder-color:#ee5617;\n}\n.av_font_icon.av-vc38j-b4da853f75af3d1b86639c8626148220 .av-icon-char{\nfont-size:18px;\nline-height:18px;\n}\n<\/style>\n<span  class=\"av_font_icon av-vc38j-b4da853f75af3d1b86639c8626148220 avia_animate_when_visible av-icon-style- avia-icon-pos-left avia-icon-animate \"><span class='av-icon-char' aria-hidden='true' data-av_icon='\ue875' data-av_iconfont='entypo-fontello' ><\/span><\/span>Ajudar o p\u00fablico mais vulner\u00e1vel.<br \/>\n\n<style type=\"text\/css\" data-created_by=\"avia_inline_auto\" id=\"style-css-av-vc38j-b4da853f75af3d1b86639c8626148220\">\n.av_font_icon.av-vc38j-b4da853f75af3d1b86639c8626148220{\ncolor:#ee5617;\nborder-color:#ee5617;\n}\n.av_font_icon.av-vc38j-b4da853f75af3d1b86639c8626148220 .av-icon-char{\nfont-size:18px;\nline-height:18px;\n}\n<\/style>\n<span  class=\"av_font_icon av-vc38j-b4da853f75af3d1b86639c8626148220 avia_animate_when_visible av-icon-style- avia-icon-pos-left avia-icon-animate \"><span class='av-icon-char' aria-hidden='true' data-av_icon='\ue875' data-av_iconfont='entypo-fontello' ><\/span><\/span>Prestar servi\u00e7o e dar informa\u00e7\u00f5es para quem mora no bairro.<\/p>\n<\/div><\/section><\/p><\/div>\n\n<style type=\"text\/css\" data-created_by=\"avia_inline_auto\" id=\"style-css-av-9lgur-6d6644f33ae26646cfb79586429b0fec\">\n#top .hr.hr-invisible.av-9lgur-6d6644f33ae26646cfb79586429b0fec{\nheight:50px;\n}\n<\/style>\n<div  class='hr av-9lgur-6d6644f33ae26646cfb79586429b0fec hr-invisible  avia-builder-el-13  el_after_av_one_full  el_before_av_one_full  '><span class='hr-inner '><span class=\"hr-inner-style\"><\/span><\/span><\/div>\n<div class='flex_column av-aid9n-8925ca28bc439d78899f807b9fc319d7 av_one_full  avia-builder-el-14  el_after_av_hr  avia-builder-el-last  first flex_column_div '   ><p>\n<style type=\"text\/css\" data-created_by=\"avia_inline_auto\" id=\"style-css-av-ky10fexi-68b0cd48ded6b5184ab46c56801f9b1a\">\n#top .av-special-heading.av-ky10fexi-68b0cd48ded6b5184ab46c56801f9b1a{\npadding-bottom:10px;\ncolor:#ee5617;\nfont-size:28px;\n}\n.av-special-heading.av-ky10fexi-68b0cd48ded6b5184ab46c56801f9b1a .special-heading-inner-border{\nborder-color:#ee5617;\n}\n<\/style>\n<div  class='av-special-heading av-ky10fexi-68b0cd48ded6b5184ab46c56801f9b1a av-special-heading-h5 custom-color-heading blockquote modern-quote  avia-builder-el-15  el_before_av_textblock  avia-builder-el-first  av-inherit-size '><h5 class='av-special-heading-tag '  itemprop=\"headline\"  >Miss\u00e3o e Valores<\/h5><div class='special-heading-border'><div class='special-heading-inner-border'><\/div><\/div><\/div><br \/>\n\n<style type=\"text\/css\" data-created_by=\"avia_inline_auto\" id=\"style-css-av-ky10f30n-5d9b01bffd1d5bd4bd1b218b02adbf28\">\n.av_textblock_section.av-ky10f30n-5d9b01bffd1d5bd4bd1b218b02adbf28 .avia_textblock{\nfont-size:14px;\n}\n<\/style>\n<section  class='av_textblock_section av-ky10f30n-5d9b01bffd1d5bd4bd1b218b02adbf28 '  itemscope=\"itemscope\" itemtype=\"https:\/\/schema.org\/CreativeWork\" ><div class='avia_textblock '  itemprop=\"text\" ><div id=\"comp-kvrfhqsn\" class=\"_1Q9if\" data-testid=\"richTextElement\">\n\n<style type=\"text\/css\" data-created_by=\"avia_inline_auto\" id=\"style-css-av-vc38j-b4da853f75af3d1b86639c8626148220\">\n.av_font_icon.av-vc38j-b4da853f75af3d1b86639c8626148220{\ncolor:#ee5617;\nborder-color:#ee5617;\n}\n.av_font_icon.av-vc38j-b4da853f75af3d1b86639c8626148220 .av-icon-char{\nfont-size:18px;\nline-height:18px;\n}\n<\/style>\n<span  class=\"av_font_icon av-vc38j-b4da853f75af3d1b86639c8626148220 avia_animate_when_visible av-icon-style- avia-icon-pos-left avia-icon-animate \"><span class='av-icon-char' aria-hidden='true' data-av_icon='\ue875' data-av_iconfont='entypo-fontello' ><\/span><\/span><\/p>\n<p class=\"font_8\">Promover a divulga\u00e7\u00e3o das atividades da Secretaria do Munic\u00edpio de Cultura de S\u00e3o Paulo;<\/p>\n<p class=\"font_8\">\n<style type=\"text\/css\" data-created_by=\"avia_inline_auto\" id=\"style-css-av-oy4or-9f767a6247c3d37bb448a4c283dc3fb5\">\n.av_font_icon.av-oy4or-9f767a6247c3d37bb448a4c283dc3fb5{\ncolor:#ee5617;\nborder-color:#ee5617;\n}\n.av_font_icon.av-oy4or-9f767a6247c3d37bb448a4c283dc3fb5 .av-icon-char{\nfont-size:18px;\nline-height:18px;\n}\n<\/style>\n<span  class=\"av_font_icon av-oy4or-9f767a6247c3d37bb448a4c283dc3fb5 avia_animate_when_visible av-icon-style- avia-icon-pos-left avia-icon-animate \"><span class='av-icon-char' aria-hidden='true' data-av_icon='\ue875' data-av_iconfont='entypo-fontello' ><\/span><\/span>Fomentar e fortalecer a radiodifus\u00e3o comunit\u00e1ria como ve\u00edculo de comunica\u00e7\u00e3o de cria\u00e7\u00e3o, circula\u00e7\u00e3o e consumo de bens culturais;<\/p>\n<p class=\"font_8\">\n<style type=\"text\/css\" data-created_by=\"avia_inline_auto\" id=\"style-css-av-mgy1f-1a2141df659483857a18c0ecfc504edf\">\n.av_font_icon.av-mgy1f-1a2141df659483857a18c0ecfc504edf{\ncolor:#ee5617;\nborder-color:#ee5617;\n}\n.av_font_icon.av-mgy1f-1a2141df659483857a18c0ecfc504edf .av-icon-char{\nfont-size:18px;\nline-height:18px;\n}\n<\/style>\n<span  class=\"av_font_icon av-mgy1f-1a2141df659483857a18c0ecfc504edf avia_animate_when_visible av-icon-style- avia-icon-pos-left avia-icon-animate \"><span class='av-icon-char' aria-hidden='true' data-av_icon='\ue875' data-av_iconfont='entypo-fontello' ><\/span><\/span>Levar \u00e0 popula\u00e7\u00e3o de s\u00e3o Paulo, informa\u00e7\u00f5es de car\u00e1ter sociocultural e educativo.<\/p>\n<p class=\"font_8\">\n<style type=\"text\/css\" data-created_by=\"avia_inline_auto\" id=\"style-css-av-e57wz-96e8ef061b5ad1acc3bd47c06ca80335\">\n.av_font_icon.av-e57wz-96e8ef061b5ad1acc3bd47c06ca80335{\ncolor:#ee5617;\nborder-color:#ee5617;\n}\n.av_font_icon.av-e57wz-96e8ef061b5ad1acc3bd47c06ca80335 .av-icon-char{\nfont-size:18px;\nline-height:18px;\n}\n<\/style>\n<span  class=\"av_font_icon av-e57wz-96e8ef061b5ad1acc3bd47c06ca80335 avia_animate_when_visible av-icon-style- avia-icon-pos-left avia-icon-animate \"><span class='av-icon-char' aria-hidden='true' data-av_icon='\ue875' data-av_iconfont='entypo-fontello' ><\/span><\/span>Programa de r\u00e1dio;<\/p>\n<p class=\"font_8\">\n<style type=\"text\/css\" data-created_by=\"avia_inline_auto\" id=\"style-css-av-rlyb-23041a95f418bfd4ab6c3f155b6fa225\">\n.av_font_icon.av-rlyb-23041a95f418bfd4ab6c3f155b6fa225{\ncolor:#ee5617;\nborder-color:#ee5617;\n}\n.av_font_icon.av-rlyb-23041a95f418bfd4ab6c3f155b6fa225 .av-icon-char{\nfont-size:18px;\nline-height:18px;\n}\n<\/style>\n<span  class=\"av_font_icon av-rlyb-23041a95f418bfd4ab6c3f155b6fa225 avia_animate_when_visible av-icon-style- avia-icon-pos-left avia-icon-animate \"><span class='av-icon-char' aria-hidden='true' data-av_icon='\ue875' data-av_iconfont='entypo-fontello' ><\/span><\/span>Apresentar m\u00fasica de qualidade, oferecer cultura e entretenimento para coletividade.<\/p>\n<\/div>\n<\/div><\/section><\/p><\/div>\n","protected":false},"excerpt":{"rendered":"","protected":false},"author":1,"featured_media":0,"parent":0,"menu_order":0,"comment_status":"closed","ping_status":"closed","template":"","meta":{"footnotes":""},"class_list":["post-163","page","type-page","status-publish","hentry"],"_links":{"self":[{"href":"https:\/\/radiosoulvidafm.com.br\/index.php\/wp-json\/wp\/v2\/pages\/163","targetHints":{"allow":["GET"]}}],"collection":[{"href":"https:\/\/radiosoulvidafm.com.br\/index.php\/wp-json\/wp\/v2\/pages"}],"about":[{"href":"https:\/\/radiosoulvidafm.com.br\/index.php\/wp-json\/wp\/v2\/types\/page"}],"author":[{"embeddable":true,"href":"https:\/\/radiosoulvidafm.com.br\/index.php\/wp-json\/wp\/v2\/users\/1"}],"replies":[{"embeddable":true,"href":"https:\/\/radiosoulvidafm.com.br\/index.php\/wp-json\/wp\/v2\/comments?post=163"}],"version-history":[{"count":12,"href":"https:\/\/radiosoulvidafm.com.br\/index.php\/wp-json\/wp\/v2\/pages\/163\/revisions"}],"predecessor-version":[{"id":179,"href":"https:\/\/radiosoulvidafm.com.br\/index.php\/wp-json\/wp\/v2\/pages\/163\/revisions\/179"}],"wp:attachment":[{"href":"https:\/\/radiosoulvidafm.com.br\/index.php\/wp-json\/wp\/v2\/media?parent=163"}],"curies":[{"name":"wp","href":"https:\/\/api.w.org\/{rel}","templated":true}]}}