{"id":33,"date":"2022-01-04T20:04:16","date_gmt":"2022-01-04T20:04:16","guid":{"rendered":"https:\/\/soulvida.e-crie.com\/?page_id=33"},"modified":"2024-01-12T15:24:54","modified_gmt":"2024-01-12T15:24:54","slug":"contato","status":"publish","type":"page","link":"https:\/\/radiosoulvidafm.com.br\/index.php\/contato\/","title":{"rendered":"Contato"},"content":{"rendered":"<div class='flex_column av-4iihl-d5d85aeabc155336eaff3e890a25b45a av_one_full  avia-builder-el-0  el_before_av_one_half  avia-builder-el-first  first flex_column_div '   ><style type=\"text\/css\" data-created_by=\"avia_inline_auto\" id=\"style-css-av-ky0j1x8e-47a3031c599c2501c46a15aa72feaacd\">\n#top .av-special-heading.av-ky0j1x8e-47a3031c599c2501c46a15aa72feaacd{\npadding-bottom:10px;\ncolor:#ee5617;\nfont-size:38px;\n}\n.av-special-heading.av-ky0j1x8e-47a3031c599c2501c46a15aa72feaacd .special-heading-inner-border{\nborder-color:#ee5617;\n}\n<\/style>\n<div  class='av-special-heading av-ky0j1x8e-47a3031c599c2501c46a15aa72feaacd av-special-heading-h3 custom-color-heading blockquote modern-quote  avia-builder-el-1  avia-builder-el-no-sibling  av-inherit-size '><h3 class='av-special-heading-tag '  itemprop=\"headline\"  >Contato<\/h3><div class='special-heading-border'><div class='special-heading-inner-border'><\/div><\/div><\/div><\/div>\n<div class='flex_column av-dsxt-91b22a627199ffb9cd13d9dff22b18f2 av_one_half  avia-builder-el-2  el_after_av_one_full  el_before_av_one_half  first flex_column_div column-top-margin'   ><p>\n<style type=\"text\/css\" data-created_by=\"avia_inline_auto\" id=\"style-css-av-ky0jof7j-fa074a953b9e870fc2aca3fd877c7a8c\">\n.av_textblock_section.av-ky0jof7j-fa074a953b9e870fc2aca3fd877c7a8c .avia_textblock{\nfont-size:16px;\n}\n<\/style>\n<section  class='av_textblock_section av-ky0jof7j-fa074a953b9e870fc2aca3fd877c7a8c '  itemscope=\"itemscope\" itemtype=\"https:\/\/schema.org\/CreativeWork\" ><div class='avia_textblock '  itemprop=\"text\" ><p>Tem uma not\u00edcia, dica, sugest\u00e3o?<br \/>\nQuer pedir uma m\u00fasica ou falar com a nossa produ\u00e7\u00e3o?<br \/>\nEntre em contato conosco por e-mail atrav\u00e9s do nosso formul\u00e1rio abaixo!<\/p>\n<\/div><\/section><br \/>\n\n<style type=\"text\/css\" data-created_by=\"avia_inline_auto\" id=\"style-css-av-sy5l-d86607d8ad7c9fbffa884ec21af820d2\">\n#top .hr.hr-invisible.av-sy5l-d86607d8ad7c9fbffa884ec21af820d2{\nheight:20px;\n}\n<\/style>\n<div  class='hr av-sy5l-d86607d8ad7c9fbffa884ec21af820d2 hr-invisible  avia-builder-el-4  el_after_av_textblock  el_before_av_contact  '><span class='hr-inner '><span class=\"hr-inner-style\"><\/span><\/span><\/div><br \/>\n<form action=\"https:\/\/radiosoulvidafm.com.br\/index.php\/contato\/\" method=\"post\"  class=\"avia_ajax_form av-form-labels-visible   avia-builder-el-5  el_after_av_hr  avia-builder-el-last   \" data-avia-form-id=\"1\" data-avia-redirect='' ><fieldset><p class='  first_form  form_element form_fullwidth' id='element_avia_1_1'><label for=\"avia_1_1\">Nome <abbr class=\"required\" title=\"required\">*<\/abbr><\/label> <input name=\"avia_1_1\" class=\"text_input is_empty\" type=\"text\" id=\"avia_1_1\" value=\"\" \/><\/p><p class='  first_form  form_element form_fullwidth' id='element_avia_2_1'><label for=\"avia_2_1\">E-Mail <abbr class=\"required\" title=\"required\">*<\/abbr><\/label> <input name=\"avia_2_1\" class=\"text_input is_email\" type=\"text\" id=\"avia_2_1\" value=\"\" \/><\/p><p class='  first_form  form_element form_fullwidth' id='element_avia_3_1'><label for=\"avia_3_1\">Assunto <abbr class=\"required\" title=\"required\">*<\/abbr><\/label> <input name=\"avia_3_1\" class=\"text_input is_empty\" type=\"text\" id=\"avia_3_1\" value=\"\" \/><\/p><p class='  first_form  form_element form_fullwidth av-last-visible-form-element' id='element_avia_4_1'><label for=\"avia_4_1\" class=\"textare_label hidden textare_label_avia_4_1\">Mensagem <abbr class=\"required\" title=\"required\">*<\/abbr><\/label><textarea  name=\"avia_4_1\" class=\"text_area is_empty\" cols=\"40\" rows=\"7\" id=\"avia_4_1\" ><\/textarea><\/p><p class=\"hidden\"><input type=\"text\" name=\"avia_5_1\" class=\"hidden \" id=\"avia_5_1\" value=\"\" \/><\/p><p class=\"form_element \"><input type=\"hidden\" value=\"1\" name=\"avia_generated_form1\" \/><input type=\"submit\" value=\"Enviar\" class=\"button\"  data-sending-label=\"Sending\"\/><\/p><\/fieldset><\/form><div id=\"ajaxresponse_1\" class=\"ajaxresponse ajaxresponse_1 hidden\"><\/div><\/p><\/div><div class='flex_column av-2sscd-18ff7d29e056df2fb885685586c2dc70 av_one_half  avia-builder-el-6  el_after_av_one_half  avia-builder-el-last  flex_column_div column-top-margin'   ><style type=\"text\/css\" data-created_by=\"avia_inline_auto\" id=\"style-css-av-ky0j6r5f-9c6820bef4214baf035c5ac7503a3f3f\">\n.av_textblock_section.av-ky0j6r5f-9c6820bef4214baf035c5ac7503a3f3f .avia_textblock{\nfont-size:16px;\n}\n<\/style>\n<section  class='av_textblock_section av-ky0j6r5f-9c6820bef4214baf035c5ac7503a3f3f '  itemscope=\"itemscope\" itemtype=\"https:\/\/schema.org\/CreativeWork\" ><div class='avia_textblock '  itemprop=\"text\" ><p><img loading=\"lazy\" decoding=\"async\" class=\"alignnone wp-image-35 size-medium\" src=\"..\/wp-content\/uploads\/2022\/01\/logo_soulvida_menor-300x151.png\" alt=\"\" width=\"300\" height=\"151\" srcset=\"https:\/\/radiosoulvidafm.com.br\/wp-content\/uploads\/2022\/01\/logo_soulvida_menor-300x151.png 300w, https:\/\/radiosoulvidafm.com.br\/wp-content\/uploads\/2022\/01\/logo_soulvida_menor-495x251.png 495w, https:\/\/radiosoulvidafm.com.br\/wp-content\/uploads\/2022\/01\/logo_soulvida_menor.png 500w\" sizes=\"auto, (max-width: 300px) 100vw, 300px\" \/><\/p>\n\n<style type=\"text\/css\" data-created_by=\"avia_inline_auto\" id=\"style-css-av-1xlqh-f412e0dbd2b1715ba151d03484b95023\">\n.av_font_icon.av-1xlqh-f412e0dbd2b1715ba151d03484b95023{\ncolor:#ee5617;\nborder-color:#ee5617;\n}\n.av_font_icon.av-1xlqh-f412e0dbd2b1715ba151d03484b95023 .av-icon-char{\nfont-size:22px;\nline-height:22px;\n}\n<\/style>\n<span  class=\"av_font_icon av-1xlqh-f412e0dbd2b1715ba151d03484b95023 avia_animate_when_visible av-icon-style- avia-icon-pos-left avia-icon-animate \"><span class='av-icon-char' aria-hidden='true' data-av_icon='\ue854' data-av_iconfont='entypo-fontello' ><\/span><\/span>\n<p>(11) 2961-8956<\/p>\n\n<style type=\"text\/css\" data-created_by=\"avia_inline_auto\" id=\"style-css-av-1eytp-21eec347e9c3e3727d28bb61362daeaf\">\n.av_font_icon.av-1eytp-21eec347e9c3e3727d28bb61362daeaf{\ncolor:#ee5617;\nborder-color:#ee5617;\n}\n.av_font_icon.av-1eytp-21eec347e9c3e3727d28bb61362daeaf .av-icon-char{\nfont-size:22px;\nline-height:22px;\n}\n<\/style>\n<span  class=\"av_font_icon av-1eytp-21eec347e9c3e3727d28bb61362daeaf avia_animate_when_visible av-icon-style- avia-icon-pos-left avia-icon-animate \"><span class='av-icon-char' aria-hidden='true' data-av_icon='\uf232' data-av_iconfont='entypo-fontello' ><\/span><\/span>\n<p>(11) 91607-3836<\/p>\n\n<style type=\"text\/css\" data-created_by=\"avia_inline_auto\" id=\"style-css-av-p0n5-db935e952232d4e2e5d8e307bfee6c5b\">\n.av_font_icon.av-p0n5-db935e952232d4e2e5d8e307bfee6c5b{\ncolor:#ee5617;\nborder-color:#ee5617;\n}\n.av_font_icon.av-p0n5-db935e952232d4e2e5d8e307bfee6c5b .av-icon-char{\nfont-size:22px;\nline-height:22px;\n}\n<\/style>\n<span  class=\"av_font_icon av-p0n5-db935e952232d4e2e5d8e307bfee6c5b avia_animate_when_visible av-icon-style- avia-icon-pos-left avia-icon-animate \"><span class='av-icon-char' aria-hidden='true' data-av_icon='\ue805' data-av_iconfont='entypo-fontello' ><\/span><\/span>\n<p>ouvinte@radiosoulvida.com.br<\/p>\n<p>\n<style type=\"text\/css\" data-created_by=\"avia_inline_auto\" id=\"style-css-av-3ibbp-aedf8259cc367afe30bd314b4d00c8d6\">\n.av_font_icon.av-3ibbp-aedf8259cc367afe30bd314b4d00c8d6{\ncolor:#ee5617;\nborder-color:#ee5617;\n}\n.av_font_icon.av-3ibbp-aedf8259cc367afe30bd314b4d00c8d6 .av-icon-char{\nfont-size:18px;\nline-height:18px;\n}\n<\/style>\n<span  class=\"av_font_icon av-3ibbp-aedf8259cc367afe30bd314b4d00c8d6 avia_animate_when_visible av-icon-style- avia-icon-pos-left avia-icon-animate \"><a href='https:\/\/www.facebook.com\/RadioSoulVida' target=\"_blank\" rel=\"noopener noreferrer\" class='av-icon-char' aria-hidden='true' data-av_icon='\ue8f3' data-av_iconfont='entypo-fontello'><\/a><\/span><br \/>\n\n<style type=\"text\/css\" data-created_by=\"avia_inline_auto\" id=\"style-css-av-2q1yp-efc6d040bcc7510a44faf279753d1b80\">\n.av_font_icon.av-2q1yp-efc6d040bcc7510a44faf279753d1b80{\ncolor:#ee5617;\nborder-color:#ee5617;\n}\n.av_font_icon.av-2q1yp-efc6d040bcc7510a44faf279753d1b80 .av-icon-char{\nfont-size:18px;\nline-height:18px;\n}\n<\/style>\n<span  class=\"av_font_icon av-2q1yp-efc6d040bcc7510a44faf279753d1b80 avia_animate_when_visible av-icon-style- avia-icon-pos-left avia-icon-animate \"><a href='https:\/\/www.instagram.com\/radiosoulvida\/?utm_medium=copy_link' target=\"_blank\" rel=\"noopener noreferrer\" class='av-icon-char' aria-hidden='true' data-av_icon='\uf16d' data-av_iconfont='entypo-fontello'><\/a><\/span><br \/>\n\n<style type=\"text\/css\" data-created_by=\"avia_inline_auto\" id=\"style-css-av-269gp-c09c6dc8bf4acc588394c7e54eaa0886\">\n.av_font_icon.av-269gp-c09c6dc8bf4acc588394c7e54eaa0886{\ncolor:#ee5617;\nborder-color:#ee5617;\n}\n.av_font_icon.av-269gp-c09c6dc8bf4acc588394c7e54eaa0886 .av-icon-char{\nfont-size:18px;\nline-height:18px;\n}\n<\/style>\n<span  class=\"av_font_icon av-269gp-c09c6dc8bf4acc588394c7e54eaa0886 avia_animate_when_visible av-icon-style- avia-icon-pos-left avia-icon-animate \"><a href='https:\/\/twitter.com\/radiosoulvida?s=20' target=\"_blank\" rel=\"noopener noreferrer\" class='av-icon-char' aria-hidden='true' data-av_icon='\ue8f1' data-av_iconfont='entypo-fontello'><\/a><\/span><br \/>\n\n<style type=\"text\/css\" data-created_by=\"avia_inline_auto\" id=\"style-css-av-58lt-f23edf7807048bb9574d60fc18f90e9f\">\n.av_font_icon.av-58lt-f23edf7807048bb9574d60fc18f90e9f{\ncolor:#ee5617;\nborder-color:#ee5617;\n}\n.av_font_icon.av-58lt-f23edf7807048bb9574d60fc18f90e9f .av-icon-char{\nfont-size:18px;\nline-height:18px;\n}\n<\/style>\n<span  class=\"av_font_icon av-58lt-f23edf7807048bb9574d60fc18f90e9f avia_animate_when_visible av-icon-style- avia-icon-pos-left avia-icon-animate \"><a href='https:\/\/www.youtube.com\/channel\/UCZmKO0uunD2CNiL9gHywxBg' target=\"_blank\" rel=\"noopener noreferrer\" class='av-icon-char' aria-hidden='true' data-av_icon='\ue921' data-av_iconfont='entypo-fontello'><\/a><\/span><br \/>\n\n<style type=\"text\/css\" data-created_by=\"avia_inline_auto\" id=\"style-css-av-14bhp-3d106381fd48a144a44fe6bde60ca0ba\">\n.av_font_icon.av-14bhp-3d106381fd48a144a44fe6bde60ca0ba{\ncolor:#ee5617;\nborder-color:#ee5617;\n}\n.av_font_icon.av-14bhp-3d106381fd48a144a44fe6bde60ca0ba .av-icon-char{\nfont-size:18px;\nline-height:18px;\n}\n<\/style>\n<span  class=\"av_font_icon av-14bhp-3d106381fd48a144a44fe6bde60ca0ba avia_animate_when_visible av-icon-style- avia-icon-pos-left avia-icon-animate \"><a href='https:\/\/api.whatsapp.com\/send\/?phone=5511969398939&amp;text&amp;app_absent=0' target=\"_blank\" rel=\"noopener noreferrer\" class='av-icon-char' aria-hidden='true' data-av_icon='\uf232' data-av_iconfont='entypo-fontello'><\/a><\/span><\/p>\n<\/div><\/section><\/div><\/p>\n","protected":false},"excerpt":{"rendered":"","protected":false},"author":1,"featured_media":0,"parent":0,"menu_order":0,"comment_status":"closed","ping_status":"closed","template":"","meta":{"footnotes":""},"class_list":["post-33","page","type-page","status-publish","hentry"],"_links":{"self":[{"href":"https:\/\/radiosoulvidafm.com.br\/index.php\/wp-json\/wp\/v2\/pages\/33","targetHints":{"allow":["GET"]}}],"collection":[{"href":"https:\/\/radiosoulvidafm.com.br\/index.php\/wp-json\/wp\/v2\/pages"}],"about":[{"href":"https:\/\/radiosoulvidafm.com.br\/index.php\/wp-json\/wp\/v2\/types\/page"}],"author":[{"embeddable":true,"href":"https:\/\/radiosoulvidafm.com.br\/index.php\/wp-json\/wp\/v2\/users\/1"}],"replies":[{"embeddable":true,"href":"https:\/\/radiosoulvidafm.com.br\/index.php\/wp-json\/wp\/v2\/comments?post=33"}],"version-history":[{"count":9,"href":"https:\/\/radiosoulvidafm.com.br\/index.php\/wp-json\/wp\/v2\/pages\/33\/revisions"}],"predecessor-version":[{"id":804,"href":"https:\/\/radiosoulvidafm.com.br\/index.php\/wp-json\/wp\/v2\/pages\/33\/revisions\/804"}],"wp:attachment":[{"href":"https:\/\/radiosoulvidafm.com.br\/index.php\/wp-json\/wp\/v2\/media?parent=33"}],"curies":[{"name":"wp","href":"https:\/\/api.w.org\/{rel}","templated":true}]}}