{"id":650,"date":"2023-03-16T01:46:53","date_gmt":"2023-03-16T01:46:53","guid":{"rendered":"https:\/\/radiosoulvidafm.com.br\/?page_id=650"},"modified":"2023-03-16T01:52:23","modified_gmt":"2023-03-16T01:52:23","slug":"oficina-de-producao-de-pecas-de-audio-modulo-i","status":"publish","type":"page","link":"https:\/\/radiosoulvidafm.com.br\/index.php\/oficina-de-producao-de-pecas-de-audio-modulo-i\/","title":{"rendered":"Oficina de Produ\u00e7\u00e3o de pe\u00e7as de \u00e1udio M\u00f3dulo I"},"content":{"rendered":"<div class='flex_column av-7p4ky-87cb7b7246ae7de8a69bb9066006ee8a av_one_full  avia-builder-el-0  avia-builder-el-no-sibling  first flex_column_div '   ><p>\n<style type=\"text\/css\" data-created_by=\"avia_inline_auto\" id=\"style-css-av-lfag2wts-3ac410f0fb5d04fbfe615f5b2733ffb0\">\n.avia-image-container.av-lfag2wts-3ac410f0fb5d04fbfe615f5b2733ffb0 .av-image-caption-overlay-center{\ncolor:#ffffff;\n}\n<\/style>\n<div  class='avia-image-container av-lfag2wts-3ac410f0fb5d04fbfe615f5b2733ffb0 av-styling- avia-align-center  avia-builder-el-1  el_before_av_hr  avia-builder-el-first  '  itemprop=\"image\" itemscope=\"itemscope\" itemtype=\"https:\/\/schema.org\/ImageObject\" ><div class=\"avia-image-container-inner\"><div class=\"avia-image-overlay-wrap\"><img decoding=\"async\" class='wp-image-648 avia-img-lazy-loading-not-648 avia_image' src=\"https:\/\/radiosoulvidafm.com.br\/wp-content\/uploads\/2023\/03\/Banner-Oficina-de-Producao-de-Pecas-de-Audio-Modulo-I-Libertacao.jpg\" alt='' title='Banner Oficina de Producao de Pecas de Audio Modulo I - Libertacao'  height=\"491\" width=\"1280\"  itemprop=\"thumbnailUrl\" srcset=\"https:\/\/radiosoulvidafm.com.br\/wp-content\/uploads\/2023\/03\/Banner-Oficina-de-Producao-de-Pecas-de-Audio-Modulo-I-Libertacao.jpg 1280w, https:\/\/radiosoulvidafm.com.br\/wp-content\/uploads\/2023\/03\/Banner-Oficina-de-Producao-de-Pecas-de-Audio-Modulo-I-Libertacao-300x115.jpg 300w, https:\/\/radiosoulvidafm.com.br\/wp-content\/uploads\/2023\/03\/Banner-Oficina-de-Producao-de-Pecas-de-Audio-Modulo-I-Libertacao-1030x395.jpg 1030w, https:\/\/radiosoulvidafm.com.br\/wp-content\/uploads\/2023\/03\/Banner-Oficina-de-Producao-de-Pecas-de-Audio-Modulo-I-Libertacao-768x295.jpg 768w, https:\/\/radiosoulvidafm.com.br\/wp-content\/uploads\/2023\/03\/Banner-Oficina-de-Producao-de-Pecas-de-Audio-Modulo-I-Libertacao-705x270.jpg 705w\" sizes=\"(max-width: 1280px) 100vw, 1280px\" \/><\/div><\/div><\/div><br \/>\n\n<style type=\"text\/css\" data-created_by=\"avia_inline_auto\" id=\"style-css-av-lfag35r8-825ba7316897597c4be87cda1af5def9\">\n#top .hr.hr-invisible.av-lfag35r8-825ba7316897597c4be87cda1af5def9{\nheight:50px;\n}\n<\/style>\n<div  class='hr av-lfag35r8-825ba7316897597c4be87cda1af5def9 hr-invisible  avia-builder-el-2  el_after_av_image  el_before_av_textblock  '><span class='hr-inner '><span class=\"hr-inner-style\"><\/span><\/span><\/div><br \/>\n\n<style type=\"text\/css\" data-created_by=\"avia_inline_auto\" id=\"style-css-av-lfag1w4q-e6d6c722db9a19c4a0a9edebf57a3f6f\">\n.av_textblock_section.av-lfag1w4q-e6d6c722db9a19c4a0a9edebf57a3f6f .avia_textblock{\nfont-size:16px;\n}\n<\/style>\n<section  class='av_textblock_section av-lfag1w4q-e6d6c722db9a19c4a0a9edebf57a3f6f '  itemscope=\"itemscope\" itemtype=\"https:\/\/schema.org\/CreativeWork\" ><div class='avia_textblock '  itemprop=\"text\" ><p>A r\u00e1dio Liberta\u00e7\u00e3o oferece gratuitamente para os radiodifusores comunit\u00e1rios e p\u00fablico em geral da cidade de S\u00e3o Paulo a oficina de Produ\u00e7\u00e3o de pe\u00e7as de \u00e1udio M\u00f3dulo I. O m\u00f3dulo 1 come\u00e7a no dia 3 de abril e vai at\u00e9 o dia 7,e o m\u00f3dulo 2 come\u00e7a no dia 26 de abril e vai at\u00e9 o dia 4 de maio, com aulas de segundas as sextas, sempre das 20h30 at\u00e9 as 22h30. Plataforma online. Se inscreva pelo link <a href=\"https:\/\/forms.gle\/etCQmTRSiu83ouZw8\">https:\/\/forms.gle\/etCQmTRSiu83ouZw8<\/a><\/p>\n<\/div><\/section><\/p><\/div>\n","protected":false},"excerpt":{"rendered":"","protected":false},"author":1,"featured_media":0,"parent":0,"menu_order":0,"comment_status":"closed","ping_status":"closed","template":"","meta":{"footnotes":""},"class_list":["post-650","page","type-page","status-publish","hentry"],"_links":{"self":[{"href":"https:\/\/radiosoulvidafm.com.br\/index.php\/wp-json\/wp\/v2\/pages\/650","targetHints":{"allow":["GET"]}}],"collection":[{"href":"https:\/\/radiosoulvidafm.com.br\/index.php\/wp-json\/wp\/v2\/pages"}],"about":[{"href":"https:\/\/radiosoulvidafm.com.br\/index.php\/wp-json\/wp\/v2\/types\/page"}],"author":[{"embeddable":true,"href":"https:\/\/radiosoulvidafm.com.br\/index.php\/wp-json\/wp\/v2\/users\/1"}],"replies":[{"embeddable":true,"href":"https:\/\/radiosoulvidafm.com.br\/index.php\/wp-json\/wp\/v2\/comments?post=650"}],"version-history":[{"count":3,"href":"https:\/\/radiosoulvidafm.com.br\/index.php\/wp-json\/wp\/v2\/pages\/650\/revisions"}],"predecessor-version":[{"id":655,"href":"https:\/\/radiosoulvidafm.com.br\/index.php\/wp-json\/wp\/v2\/pages\/650\/revisions\/655"}],"wp:attachment":[{"href":"https:\/\/radiosoulvidafm.com.br\/index.php\/wp-json\/wp\/v2\/media?parent=650"}],"curies":[{"name":"wp","href":"https:\/\/api.w.org\/{rel}","templated":true}]}}