{"id":653,"date":"2023-03-16T01:51:36","date_gmt":"2023-03-16T01:51:36","guid":{"rendered":"https:\/\/radiosoulvidafm.com.br\/?page_id=653"},"modified":"2023-03-16T01:55:30","modified_gmt":"2023-03-16T01:55:30","slug":"oficina-de-producao-de-pecas-de-audio-modulo-ii","status":"publish","type":"page","link":"https:\/\/radiosoulvidafm.com.br\/index.php\/oficina-de-producao-de-pecas-de-audio-modulo-ii\/","title":{"rendered":"Oficina de Produ\u00e7\u00e3o de Pe\u00e7as de \u00e1udio m\u00f3dulo II"},"content":{"rendered":"<div class='flex_column av-gbfvp-23ab1b6114802c8df4aa03f585c7b76a av_one_full  avia-builder-el-0  avia-builder-el-no-sibling  first flex_column_div '   ><p>\n<style type=\"text\/css\" data-created_by=\"avia_inline_auto\" id=\"style-css-av-lfag4vpw-28088f6459ac1a2496ea2a068c85365b\">\n.avia-image-container.av-lfag4vpw-28088f6459ac1a2496ea2a068c85365b .av-image-caption-overlay-center{\ncolor:#ffffff;\n}\n<\/style>\n<div  class='avia-image-container av-lfag4vpw-28088f6459ac1a2496ea2a068c85365b av-styling- avia-align-center  avia-builder-el-1  el_before_av_hr  avia-builder-el-first  '  itemprop=\"image\" itemscope=\"itemscope\" itemtype=\"https:\/\/schema.org\/ImageObject\" ><div class=\"avia-image-container-inner\"><div class=\"avia-image-overlay-wrap\"><img decoding=\"async\" class='wp-image-647 avia-img-lazy-loading-not-647 avia_image' src=\"https:\/\/radiosoulvidafm.com.br\/wp-content\/uploads\/2023\/03\/Oficina-de-Producao-de-Pecas-de-Audio-Modulo-I-Soul-Vida.jpg\" alt='' title='Oficina de Producao de Pecas de Audio Modulo I - Soul Vida'  height=\"491\" width=\"1280\"  itemprop=\"thumbnailUrl\" srcset=\"https:\/\/radiosoulvidafm.com.br\/wp-content\/uploads\/2023\/03\/Oficina-de-Producao-de-Pecas-de-Audio-Modulo-I-Soul-Vida.jpg 1280w, https:\/\/radiosoulvidafm.com.br\/wp-content\/uploads\/2023\/03\/Oficina-de-Producao-de-Pecas-de-Audio-Modulo-I-Soul-Vida-300x115.jpg 300w, https:\/\/radiosoulvidafm.com.br\/wp-content\/uploads\/2023\/03\/Oficina-de-Producao-de-Pecas-de-Audio-Modulo-I-Soul-Vida-1030x395.jpg 1030w, https:\/\/radiosoulvidafm.com.br\/wp-content\/uploads\/2023\/03\/Oficina-de-Producao-de-Pecas-de-Audio-Modulo-I-Soul-Vida-768x295.jpg 768w, https:\/\/radiosoulvidafm.com.br\/wp-content\/uploads\/2023\/03\/Oficina-de-Producao-de-Pecas-de-Audio-Modulo-I-Soul-Vida-705x270.jpg 705w\" sizes=\"(max-width: 1280px) 100vw, 1280px\" \/><\/div><\/div><\/div><br \/>\n\n<style type=\"text\/css\" data-created_by=\"avia_inline_auto\" id=\"style-css-av-9tysd-c2082d177d23547532b9f4cc2b7648f9\">\n#top .hr.hr-invisible.av-9tysd-c2082d177d23547532b9f4cc2b7648f9{\nheight:50px;\n}\n<\/style>\n<div  class='hr av-9tysd-c2082d177d23547532b9f4cc2b7648f9 hr-invisible  avia-builder-el-2  el_after_av_image  el_before_av_textblock  '><span class='hr-inner '><span class=\"hr-inner-style\"><\/span><\/span><\/div><br \/>\n\n<style type=\"text\/css\" data-created_by=\"avia_inline_auto\" id=\"style-css-av-lfag8pi1-c8d7587aa46788513149847111cef45c\">\n.av_textblock_section.av-lfag8pi1-c8d7587aa46788513149847111cef45c .avia_textblock{\nfont-size:16px;\n}\n<\/style>\n<section  class='av_textblock_section av-lfag8pi1-c8d7587aa46788513149847111cef45c '  itemscope=\"itemscope\" itemtype=\"https:\/\/schema.org\/CreativeWork\" ><div class='avia_textblock '  itemprop=\"text\" ><p>A r\u00e1dio Soul Vida oferece gratuitamente para os radiodifusores comunit\u00e1rios e p\u00fablico em geral da cidade de S\u00e3o Paulo a oficina de Produ\u00e7\u00e3o de pe\u00e7as de \u00e1udio m\u00f3dulo II. O m\u00f3dulo 1 come\u00e7a no dia 3 de abril e vai at\u00e9 o dia 7, e o m\u00f3dulo 2 come\u00e7a no dia 26 de abril e vai at\u00e9 o dia 4 de maio, com aulas de segundas as sextas, sempre das 20h30 at\u00e9 as 22h30. Plataforma online. Se inscreva pelo link <a href=\"https:\/\/forms.gle\/etCQmTRSiu83ouZw8\">https:\/\/forms.gle\/etCQmTRSiu83ouZw8<\/a><\/p>\n<\/div><\/section><\/p><\/div>\n","protected":false},"excerpt":{"rendered":"","protected":false},"author":1,"featured_media":0,"parent":0,"menu_order":0,"comment_status":"closed","ping_status":"closed","template":"","meta":{"footnotes":""},"class_list":["post-653","page","type-page","status-publish","hentry"],"_links":{"self":[{"href":"https:\/\/radiosoulvidafm.com.br\/index.php\/wp-json\/wp\/v2\/pages\/653","targetHints":{"allow":["GET"]}}],"collection":[{"href":"https:\/\/radiosoulvidafm.com.br\/index.php\/wp-json\/wp\/v2\/pages"}],"about":[{"href":"https:\/\/radiosoulvidafm.com.br\/index.php\/wp-json\/wp\/v2\/types\/page"}],"author":[{"embeddable":true,"href":"https:\/\/radiosoulvidafm.com.br\/index.php\/wp-json\/wp\/v2\/users\/1"}],"replies":[{"embeddable":true,"href":"https:\/\/radiosoulvidafm.com.br\/index.php\/wp-json\/wp\/v2\/comments?post=653"}],"version-history":[{"count":2,"href":"https:\/\/radiosoulvidafm.com.br\/index.php\/wp-json\/wp\/v2\/pages\/653\/revisions"}],"predecessor-version":[{"id":657,"href":"https:\/\/radiosoulvidafm.com.br\/index.php\/wp-json\/wp\/v2\/pages\/653\/revisions\/657"}],"wp:attachment":[{"href":"https:\/\/radiosoulvidafm.com.br\/index.php\/wp-json\/wp\/v2\/media?parent=653"}],"curies":[{"name":"wp","href":"https:\/\/api.w.org\/{rel}","templated":true}]}}