{"id":758,"date":"2023-11-21T18:59:08","date_gmt":"2023-11-21T18:59:08","guid":{"rendered":"https:\/\/radiosoulvidafm.com.br\/?page_id=758"},"modified":"2024-01-24T22:00:06","modified_gmt":"2024-01-24T22:00:06","slug":"informativo","status":"publish","type":"page","link":"https:\/\/radiosoulvidafm.com.br\/index.php\/informativo\/","title":{"rendered":"Informativos"},"content":{"rendered":"<section  class='av_textblock_section av-lp8p4mam-a39dce2cc7494963e1837d98f47fbedb '  itemscope=\"itemscope\" itemtype=\"https:\/\/schema.org\/CreativeWork\" ><div class='avia_textblock '  itemprop=\"text\" ><h3 class=\"av-special-heading-tag \">Informativo: Central de Not\u00edcias R\u00e1dios Comunit\u00e1rias<\/h3>\n<\/div><\/section>\n<div id=\"av_player-1\" class=\"av-player av-player-container av-lp8p6n84-707c65d3f05eebb4132a8a5123ec2cc8 avia-playerstyle-classic av_player-1  avia-builder-el-1  el_after_av_textblock  el_before_av_player  first avia-playlist-hide-cover \"><div class=\"av-player-player-container\"><div class=\"wp-playlist wp-audio-playlist wp-playlist-light\">\n\t\t\t<div class=\"wp-playlist-current-item\"><\/div>\n\t\t<audio controls=\"controls\" preload=\"none\" width=\"1478\"\n\t\t\t><\/audio>\n\t<div class=\"wp-playlist-next\"><\/div>\n\t<div class=\"wp-playlist-prev\"><\/div>\n\t<noscript>\n\t<ol>\n\t\t<li><a href='https:\/\/radiosoulvidafm.com.br\/wp-content\/uploads\/2023\/11\/1-INFORMATIVO-GUIA-DAS-PADARIAS.mp3'>1- INFORMATIVO - GUIA DAS PADARIAS<\/a><\/li>\t<\/ol>\n\t<\/noscript>\n\t<script type=\"application\/json\" class=\"wp-playlist-script\">{\"type\":\"audio\",\"tracklist\":true,\"tracknumbers\":true,\"images\":true,\"artists\":true,\"tracks\":[{\"src\":\"https:\/\/radiosoulvidafm.com.br\/wp-content\/uploads\/2023\/11\/1-INFORMATIVO-GUIA-DAS-PADARIAS.mp3\",\"type\":\"audio\/mpeg\",\"title\":\"1- INFORMATIVO - GUIA DAS PADARIAS\",\"caption\":\"\",\"description\":\"\\\"1- INFORMATIVO - GUIA DAS PADARIAS\\\". Genre: Other.\",\"meta\":{\"genre\":\"Other\",\"length_formatted\":\"2:14\"},\"image\":{\"src\":\"https:\/\/radiosoulvidafm.com.br\/wp-includes\/images\/media\/audio.svg\",\"width\":48,\"height\":64},\"thumb\":{\"src\":\"https:\/\/radiosoulvidafm.com.br\/wp-includes\/images\/media\/audio.svg\",\"width\":48,\"height\":64}}]}<\/script>\n<\/div>\n\t<\/div><\/div>\n<div id=\"av_player-2\" class=\"av-player av-player-container av-lp8p7iql-75ea84ea6a37283e4853b117a4f55ad1 avia-playerstyle-classic av_player-2  avia-builder-el-2  el_after_av_player  el_before_av_player  avia-playlist-hide-cover \"><div class=\"av-player-player-container\"><div class=\"wp-playlist wp-audio-playlist wp-playlist-light\">\n\t\t\t<div class=\"wp-playlist-current-item\"><\/div>\n\t\t<audio controls=\"controls\" preload=\"none\" width=\"1478\"\n\t\t\t><\/audio>\n\t<div class=\"wp-playlist-next\"><\/div>\n\t<div class=\"wp-playlist-prev\"><\/div>\n\t<noscript>\n\t<ol>\n\t\t<li><a href='https:\/\/radiosoulvidafm.com.br\/wp-content\/uploads\/2023\/11\/2-INFORMATIVO-ATENDIMENTO-ODONTOLOGICO.mp3'>2-INFORMATIVO- ATENDIMENTO ODONTOLOGICO<\/a><\/li>\t<\/ol>\n\t<\/noscript>\n\t<script type=\"application\/json\" class=\"wp-playlist-script\">{\"type\":\"audio\",\"tracklist\":true,\"tracknumbers\":true,\"images\":true,\"artists\":true,\"tracks\":[{\"src\":\"https:\/\/radiosoulvidafm.com.br\/wp-content\/uploads\/2023\/11\/2-INFORMATIVO-ATENDIMENTO-ODONTOLOGICO.mp3\",\"type\":\"audio\/mpeg\",\"title\":\"2-INFORMATIVO- ATENDIMENTO ODONTOLOGICO\",\"caption\":\"\",\"description\":\"\\\"2-INFORMATIVO- ATENDIMENTO ODONTOLOGICO\\\". Released: 2023.\",\"meta\":{\"year\":\"2023\",\"length_formatted\":\"2:10\"},\"image\":{\"src\":\"https:\/\/radiosoulvidafm.com.br\/wp-includes\/images\/media\/audio.svg\",\"width\":48,\"height\":64},\"thumb\":{\"src\":\"https:\/\/radiosoulvidafm.com.br\/wp-includes\/images\/media\/audio.svg\",\"width\":48,\"height\":64}}]}<\/script>\n<\/div>\n\t<\/div><\/div>\n<div id=\"av_player-3\" class=\"av-player av-player-container av-lpwxn1ia-bb503dc3cd0c5ba892acdba94fada1fb avia-playerstyle-classic av_player-3  avia-builder-el-3  el_after_av_player  el_before_av_player  avia-playlist-hide-cover \"><div class=\"av-player-player-container\"><div class=\"wp-playlist wp-audio-playlist wp-playlist-light\">\n\t\t\t<div class=\"wp-playlist-current-item\"><\/div>\n\t\t<audio controls=\"controls\" preload=\"none\" width=\"1478\"\n\t\t\t><\/audio>\n\t<div class=\"wp-playlist-next\"><\/div>\n\t<div class=\"wp-playlist-prev\"><\/div>\n\t<noscript>\n\t<ol>\n\t\t<li><a href='https:\/\/radiosoulvidafm.com.br\/wp-content\/uploads\/2023\/12\/3-INFORMATIVO-RECAPEAMENTO-ZONA-LESTE.mp3'>3-INFORMATIVO RECAPEAMENTO ZONA LESTE<\/a><\/li>\t<\/ol>\n\t<\/noscript>\n\t<script type=\"application\/json\" class=\"wp-playlist-script\">{\"type\":\"audio\",\"tracklist\":true,\"tracknumbers\":true,\"images\":true,\"artists\":true,\"tracks\":[{\"src\":\"https:\/\/radiosoulvidafm.com.br\/wp-content\/uploads\/2023\/12\/3-INFORMATIVO-RECAPEAMENTO-ZONA-LESTE.mp3\",\"type\":\"audio\/mpeg\",\"title\":\"3-INFORMATIVO RECAPEAMENTO ZONA LESTE\",\"caption\":\"\",\"description\":\"\\\"3-INFORMATIVO RECAPEAMENTO ZONA LESTE\\\".\",\"meta\":{\"length_formatted\":\"2:52\"},\"image\":{\"src\":\"https:\/\/radiosoulvidafm.com.br\/wp-includes\/images\/media\/audio.svg\",\"width\":48,\"height\":64},\"thumb\":{\"src\":\"https:\/\/radiosoulvidafm.com.br\/wp-includes\/images\/media\/audio.svg\",\"width\":48,\"height\":64}}]}<\/script>\n<\/div>\n\t<\/div><\/div>\n<div id=\"av_player-4\" class=\"av-player av-player-container av-lrf6s5fv-01435029aaf9c376e498d5f9119cb8f0 avia-playerstyle-classic av_player-4  avia-builder-el-4  el_after_av_player  el_before_av_player  avia-playlist-hide-cover \"><div class=\"av-player-player-container\"><div class=\"wp-playlist wp-audio-playlist wp-playlist-light\">\n\t\t\t<div class=\"wp-playlist-current-item\"><\/div>\n\t\t<audio controls=\"controls\" preload=\"none\" width=\"1478\"\n\t\t\t><\/audio>\n\t<div class=\"wp-playlist-next\"><\/div>\n\t<div class=\"wp-playlist-prev\"><\/div>\n\t<noscript>\n\t<ol>\n\t\t<li><a href='https:\/\/radiosoulvidafm.com.br\/wp-content\/uploads\/2024\/01\/4-DEFESA-CIVIL.mp3'>4-DEFESA CIVIL<\/a><\/li>\t<\/ol>\n\t<\/noscript>\n\t<script type=\"application\/json\" class=\"wp-playlist-script\">{\"type\":\"audio\",\"tracklist\":true,\"tracknumbers\":true,\"images\":true,\"artists\":true,\"tracks\":[{\"src\":\"https:\/\/radiosoulvidafm.com.br\/wp-content\/uploads\/2024\/01\/4-DEFESA-CIVIL.mp3\",\"type\":\"audio\/mpeg\",\"title\":\"4-DEFESA CIVIL\",\"caption\":\"\",\"description\":\"\\\"4-DEFESA CIVIL\\\". Released: 2024.\",\"meta\":{\"year\":\"2024\",\"length_formatted\":\"3:36\"},\"image\":{\"src\":\"https:\/\/radiosoulvidafm.com.br\/wp-includes\/images\/media\/audio.svg\",\"width\":48,\"height\":64},\"thumb\":{\"src\":\"https:\/\/radiosoulvidafm.com.br\/wp-includes\/images\/media\/audio.svg\",\"width\":48,\"height\":64}}]}<\/script>\n<\/div>\n\t<\/div><\/div>\n<div id=\"av_player-5\" class=\"av-player av-player-container av-lrf6sp9w-cc8cc0dfcaab3047104c25f3cc815f7d avia-playerstyle-classic av_player-5  avia-builder-el-5  el_after_av_player  el_before_av_player  avia-playlist-hide-cover \"><div class=\"av-player-player-container\"><div class=\"wp-playlist wp-audio-playlist wp-playlist-light\">\n\t\t\t<div class=\"wp-playlist-current-item\"><\/div>\n\t\t<audio controls=\"controls\" preload=\"none\" width=\"1478\"\n\t\t\t><\/audio>\n\t<div class=\"wp-playlist-next\"><\/div>\n\t<div class=\"wp-playlist-prev\"><\/div>\n\t<noscript>\n\t<ol>\n\t\t<li><a href='https:\/\/radiosoulvidafm.com.br\/wp-content\/uploads\/2024\/01\/5-ESCOLAS-MUNICIPAIS.mp3'>5-ESCOLAS MUNICIPAIS<\/a><\/li>\t<\/ol>\n\t<\/noscript>\n\t<script type=\"application\/json\" class=\"wp-playlist-script\">{\"type\":\"audio\",\"tracklist\":true,\"tracknumbers\":true,\"images\":true,\"artists\":true,\"tracks\":[{\"src\":\"https:\/\/radiosoulvidafm.com.br\/wp-content\/uploads\/2024\/01\/5-ESCOLAS-MUNICIPAIS.mp3\",\"type\":\"audio\/mpeg\",\"title\":\"5-ESCOLAS MUNICIPAIS\",\"caption\":\"\",\"description\":\"\\\"5-ESCOLAS MUNICIPAIS\\\". Released: 2024.\",\"meta\":{\"year\":\"2024\",\"length_formatted\":\"3:44\"},\"image\":{\"src\":\"https:\/\/radiosoulvidafm.com.br\/wp-includes\/images\/media\/audio.svg\",\"width\":48,\"height\":64},\"thumb\":{\"src\":\"https:\/\/radiosoulvidafm.com.br\/wp-includes\/images\/media\/audio.svg\",\"width\":48,\"height\":64}}]}<\/script>\n<\/div>\n\t<\/div><\/div>\n<div id=\"av_player-6\" class=\"av-player av-player-container av-lrf6t78g-a3fe269ccb04a791991adbd318fa9827 avia-playerstyle-classic av_player-6  avia-builder-el-6  el_after_av_player  el_before_av_player  avia-playlist-hide-cover \"><div class=\"av-player-player-container\"><div class=\"wp-playlist wp-audio-playlist wp-playlist-light\">\n\t\t\t<div class=\"wp-playlist-current-item\"><\/div>\n\t\t<audio controls=\"controls\" preload=\"none\" width=\"1478\"\n\t\t\t><\/audio>\n\t<div class=\"wp-playlist-next\"><\/div>\n\t<div class=\"wp-playlist-prev\"><\/div>\n\t<noscript>\n\t<ol>\n\t\t<li><a href='https:\/\/radiosoulvidafm.com.br\/wp-content\/uploads\/2024\/01\/6-REGRAS-GELADEIRAS.mp3'>6-REGRAS GELADEIRAS<\/a><\/li>\t<\/ol>\n\t<\/noscript>\n\t<script type=\"application\/json\" class=\"wp-playlist-script\">{\"type\":\"audio\",\"tracklist\":true,\"tracknumbers\":true,\"images\":true,\"artists\":true,\"tracks\":[{\"src\":\"https:\/\/radiosoulvidafm.com.br\/wp-content\/uploads\/2024\/01\/6-REGRAS-GELADEIRAS.mp3\",\"type\":\"audio\/mpeg\",\"title\":\"6-REGRAS GELADEIRAS\",\"caption\":\"\",\"description\":\"\\\"6-REGRAS GELADEIRAS\\\".\",\"meta\":{\"length_formatted\":\"2:56\"},\"image\":{\"src\":\"https:\/\/radiosoulvidafm.com.br\/wp-includes\/images\/media\/audio.svg\",\"width\":48,\"height\":64},\"thumb\":{\"src\":\"https:\/\/radiosoulvidafm.com.br\/wp-includes\/images\/media\/audio.svg\",\"width\":48,\"height\":64}}]}<\/script>\n<\/div>\n\t<\/div><\/div>\n<div id=\"av_player-7\" class=\"av-player av-player-container av-lrf6tubq-d2923fdad7522ee60c6b4449791512fa avia-playerstyle-classic av_player-7  avia-builder-el-7  el_after_av_player  el_before_av_player  avia-playlist-hide-cover \"><div class=\"av-player-player-container\"><div class=\"wp-playlist wp-audio-playlist wp-playlist-light\">\n\t\t\t<div class=\"wp-playlist-current-item\"><\/div>\n\t\t<audio controls=\"controls\" preload=\"none\" width=\"1478\"\n\t\t\t><\/audio>\n\t<div class=\"wp-playlist-next\"><\/div>\n\t<div class=\"wp-playlist-prev\"><\/div>\n\t<noscript>\n\t<ol>\n\t\t<li><a href='https:\/\/radiosoulvidafm.com.br\/wp-content\/uploads\/2024\/01\/7-TRANSTORNOS-ALIMENTARES.mp3'>7-TRANSTORNOS ALIMENTARES<\/a><\/li>\t<\/ol>\n\t<\/noscript>\n\t<script type=\"application\/json\" class=\"wp-playlist-script\">{\"type\":\"audio\",\"tracklist\":true,\"tracknumbers\":true,\"images\":true,\"artists\":true,\"tracks\":[{\"src\":\"https:\/\/radiosoulvidafm.com.br\/wp-content\/uploads\/2024\/01\/7-TRANSTORNOS-ALIMENTARES.mp3\",\"type\":\"audio\/mpeg\",\"title\":\"7-TRANSTORNOS ALIMENTARES\",\"caption\":\"\",\"description\":\"\\\"7-TRANSTORNOS ALIMENTARES\\\". Released: 2024. Genre: Blues.\",\"meta\":{\"genre\":\"Blues\",\"year\":\"2024\",\"length_formatted\":\"2:16\"},\"image\":{\"src\":\"https:\/\/radiosoulvidafm.com.br\/wp-includes\/images\/media\/audio.svg\",\"width\":48,\"height\":64},\"thumb\":{\"src\":\"https:\/\/radiosoulvidafm.com.br\/wp-includes\/images\/media\/audio.svg\",\"width\":48,\"height\":64}}]}<\/script>\n<\/div>\n\t<\/div><\/div>\n<div id=\"av_player-8\" class=\"av-player av-player-container av-lrf6uois-b569b1365b792347a8f328d43919cb54 avia-playerstyle-classic av_player-8  avia-builder-el-8  el_after_av_player  el_before_av_player  avia-playlist-hide-cover \"><div class=\"av-player-player-container\"><div class=\"wp-playlist wp-audio-playlist wp-playlist-light\">\n\t\t\t<div class=\"wp-playlist-current-item\"><\/div>\n\t\t<audio controls=\"controls\" preload=\"none\" width=\"1478\"\n\t\t\t><\/audio>\n\t<div class=\"wp-playlist-next\"><\/div>\n\t<div class=\"wp-playlist-prev\"><\/div>\n\t<noscript>\n\t<ol>\n\t\t<li><a href='https:\/\/radiosoulvidafm.com.br\/wp-content\/uploads\/2024\/01\/8-DESCOMPLICA-SP.mp3'>8-DESCOMPLICA-SP<\/a><\/li>\t<\/ol>\n\t<\/noscript>\n\t<script type=\"application\/json\" class=\"wp-playlist-script\">{\"type\":\"audio\",\"tracklist\":true,\"tracknumbers\":true,\"images\":true,\"artists\":true,\"tracks\":[{\"src\":\"https:\/\/radiosoulvidafm.com.br\/wp-content\/uploads\/2024\/01\/8-DESCOMPLICA-SP.mp3\",\"type\":\"audio\/mpeg\",\"title\":\"8-DESCOMPLICA-SP\",\"caption\":\"\",\"description\":\"\\\"8-DESCOMPLICA-SP\\\". Released: 2024. Genre: Blues.\",\"meta\":{\"genre\":\"Blues\",\"year\":\"2024\",\"length_formatted\":\"3:07\"},\"image\":{\"src\":\"https:\/\/radiosoulvidafm.com.br\/wp-includes\/images\/media\/audio.svg\",\"width\":48,\"height\":64},\"thumb\":{\"src\":\"https:\/\/radiosoulvidafm.com.br\/wp-includes\/images\/media\/audio.svg\",\"width\":48,\"height\":64}}]}<\/script>\n<\/div>\n\t<\/div><\/div>\n<div id=\"av_player-9\" class=\"av-player av-player-container av-lrf6vkc9-88905f490906466c2317bf0448d8eed8 avia-playerstyle-classic av_player-9  avia-builder-el-9  el_after_av_player  el_before_av_player  avia-playlist-hide-cover \"><div class=\"av-player-player-container\"><div class=\"wp-playlist wp-audio-playlist wp-playlist-light\">\n\t\t\t<div class=\"wp-playlist-current-item\"><\/div>\n\t\t<audio controls=\"controls\" preload=\"none\" width=\"1478\"\n\t\t\t><\/audio>\n\t<div class=\"wp-playlist-next\"><\/div>\n\t<div class=\"wp-playlist-prev\"><\/div>\n\t<noscript>\n\t<ol>\n\t\t<li><a href='https:\/\/radiosoulvidafm.com.br\/wp-content\/uploads\/2024\/01\/9-PODAS-DE-ARVORE.mp3'>9-PODAS DE ARVORE<\/a><\/li>\t<\/ol>\n\t<\/noscript>\n\t<script type=\"application\/json\" class=\"wp-playlist-script\">{\"type\":\"audio\",\"tracklist\":true,\"tracknumbers\":true,\"images\":true,\"artists\":true,\"tracks\":[{\"src\":\"https:\/\/radiosoulvidafm.com.br\/wp-content\/uploads\/2024\/01\/9-PODAS-DE-ARVORE.mp3\",\"type\":\"audio\/mpeg\",\"title\":\"9-PODAS DE ARVORE\",\"caption\":\"\",\"description\":\"\\\"9-PODAS DE ARVORE\\\". Released: 2024. Genre: Blues.\",\"meta\":{\"genre\":\"Blues\",\"year\":\"2024\",\"length_formatted\":\"2:27\"},\"image\":{\"src\":\"https:\/\/radiosoulvidafm.com.br\/wp-includes\/images\/media\/audio.svg\",\"width\":48,\"height\":64},\"thumb\":{\"src\":\"https:\/\/radiosoulvidafm.com.br\/wp-includes\/images\/media\/audio.svg\",\"width\":48,\"height\":64}}]}<\/script>\n<\/div>\n\t<\/div><\/div>\n<div id=\"av_player-10\" class=\"av-player av-player-container av-lrf6wb2s-d186054fb27b680253fbbe89a18de2b9 avia-playerstyle-classic av_player-10  avia-builder-el-10  el_after_av_player  el_before_av_player  avia-playlist-hide-cover \"><div class=\"av-player-player-container\"><div class=\"wp-playlist wp-audio-playlist wp-playlist-light\">\n\t\t\t<div class=\"wp-playlist-current-item\"><\/div>\n\t\t<audio controls=\"controls\" preload=\"none\" width=\"1478\"\n\t\t\t><\/audio>\n\t<div class=\"wp-playlist-next\"><\/div>\n\t<div class=\"wp-playlist-prev\"><\/div>\n\t<noscript>\n\t<ol>\n\t\t<li><a href='https:\/\/radiosoulvidafm.com.br\/wp-content\/uploads\/2024\/01\/10-CRAS.mp3'>10-CRAS<\/a><\/li>\t<\/ol>\n\t<\/noscript>\n\t<script type=\"application\/json\" class=\"wp-playlist-script\">{\"type\":\"audio\",\"tracklist\":true,\"tracknumbers\":true,\"images\":true,\"artists\":true,\"tracks\":[{\"src\":\"https:\/\/radiosoulvidafm.com.br\/wp-content\/uploads\/2024\/01\/10-CRAS.mp3\",\"type\":\"audio\/mpeg\",\"title\":\"10-CRAS\",\"caption\":\"\",\"description\":\"\\\"10-CRAS\\\". Released: 2024. Genre: Blues.\",\"meta\":{\"genre\":\"Blues\",\"year\":\"2024\",\"length_formatted\":\"2:33\"},\"image\":{\"src\":\"https:\/\/radiosoulvidafm.com.br\/wp-includes\/images\/media\/audio.svg\",\"width\":48,\"height\":64},\"thumb\":{\"src\":\"https:\/\/radiosoulvidafm.com.br\/wp-includes\/images\/media\/audio.svg\",\"width\":48,\"height\":64}}]}<\/script>\n<\/div>\n\t<\/div><\/div>\n<div id=\"av_player-11\" class=\"av-player av-player-container av-lrf6ww18-9d00d77f110c106ebe61dfd2ef8a35e8 avia-playerstyle-classic av_player-11  avia-builder-el-11  el_after_av_player  el_before_av_player  avia-playlist-hide-cover \"><div class=\"av-player-player-container\"><div class=\"wp-playlist wp-audio-playlist wp-playlist-light\">\n\t\t\t<div class=\"wp-playlist-current-item\"><\/div>\n\t\t<audio controls=\"controls\" preload=\"none\" width=\"1478\"\n\t\t\t><\/audio>\n\t<div class=\"wp-playlist-next\"><\/div>\n\t<div class=\"wp-playlist-prev\"><\/div>\n\t<noscript>\n\t<ol>\n\t\t<li><a href='https:\/\/radiosoulvidafm.com.br\/wp-content\/uploads\/2024\/01\/11-CARTAO-BOM.mp3'>11-CARTAO BOM<\/a><\/li>\t<\/ol>\n\t<\/noscript>\n\t<script type=\"application\/json\" class=\"wp-playlist-script\">{\"type\":\"audio\",\"tracklist\":true,\"tracknumbers\":true,\"images\":true,\"artists\":true,\"tracks\":[{\"src\":\"https:\/\/radiosoulvidafm.com.br\/wp-content\/uploads\/2024\/01\/11-CARTAO-BOM.mp3\",\"type\":\"audio\/mpeg\",\"title\":\"11-CARTAO BOM\",\"caption\":\"\",\"description\":\"\\\"11-CARTAO BOM\\\". Released: 2024. Genre: Blues.\",\"meta\":{\"genre\":\"Blues\",\"year\":\"2024\",\"length_formatted\":\"2:58\"},\"image\":{\"src\":\"https:\/\/radiosoulvidafm.com.br\/wp-includes\/images\/media\/audio.svg\",\"width\":48,\"height\":64},\"thumb\":{\"src\":\"https:\/\/radiosoulvidafm.com.br\/wp-includes\/images\/media\/audio.svg\",\"width\":48,\"height\":64}}]}<\/script>\n<\/div>\n\t<\/div><\/div>\n<div id=\"av_player-12\" class=\"av-player av-player-container av-lrf6xjpb-6c31f564e2b7a353f721c28a780429f8 avia-playerstyle-classic av_player-12  avia-builder-el-12  el_after_av_player  el_before_av_player  avia-playlist-hide-cover \"><div class=\"av-player-player-container\"><div class=\"wp-playlist wp-audio-playlist wp-playlist-light\">\n\t\t\t<div class=\"wp-playlist-current-item\"><\/div>\n\t\t<audio controls=\"controls\" preload=\"none\" width=\"1478\"\n\t\t\t><\/audio>\n\t<div class=\"wp-playlist-next\"><\/div>\n\t<div class=\"wp-playlist-prev\"><\/div>\n\t<noscript>\n\t<ol>\n\t\t<li><a href='https:\/\/radiosoulvidafm.com.br\/wp-content\/uploads\/2024\/01\/12-CAMERAS-EM-PMS.mp3'>12-CAMERAS EM PMS<\/a><\/li>\t<\/ol>\n\t<\/noscript>\n\t<script type=\"application\/json\" class=\"wp-playlist-script\">{\"type\":\"audio\",\"tracklist\":true,\"tracknumbers\":true,\"images\":true,\"artists\":true,\"tracks\":[{\"src\":\"https:\/\/radiosoulvidafm.com.br\/wp-content\/uploads\/2024\/01\/12-CAMERAS-EM-PMS.mp3\",\"type\":\"audio\/mpeg\",\"title\":\"12-CAMERAS EM PMS\",\"caption\":\"\",\"description\":\"\\\"12-CAMERAS EM PMS\\\". Released: 2024.\",\"meta\":{\"year\":\"2024\",\"length_formatted\":\"3:18\"},\"image\":{\"src\":\"https:\/\/radiosoulvidafm.com.br\/wp-includes\/images\/media\/audio.svg\",\"width\":48,\"height\":64},\"thumb\":{\"src\":\"https:\/\/radiosoulvidafm.com.br\/wp-includes\/images\/media\/audio.svg\",\"width\":48,\"height\":64}}]}<\/script>\n<\/div>\n\t<\/div><\/div>\n<div id=\"av_player-13\" class=\"av-player av-player-container av-lrf6y56t-e1c8c0348cf1f25842fd359f1016c761 avia-playerstyle-classic av_player-13  avia-builder-el-13  el_after_av_player  el_before_av_player  avia-playlist-hide-cover \"><div class=\"av-player-player-container\"><div class=\"wp-playlist wp-audio-playlist wp-playlist-light\">\n\t\t\t<div class=\"wp-playlist-current-item\"><\/div>\n\t\t<audio controls=\"controls\" preload=\"none\" width=\"1478\"\n\t\t\t><\/audio>\n\t<div class=\"wp-playlist-next\"><\/div>\n\t<div class=\"wp-playlist-prev\"><\/div>\n\t<noscript>\n\t<ol>\n\t\t<li><a href='https:\/\/radiosoulvidafm.com.br\/wp-content\/uploads\/2024\/01\/13-LIMITE-DE-CARTAO.mp3'>13-LIMITE DE CART\u00c3O<\/a><\/li>\t<\/ol>\n\t<\/noscript>\n\t<script type=\"application\/json\" class=\"wp-playlist-script\">{\"type\":\"audio\",\"tracklist\":true,\"tracknumbers\":true,\"images\":true,\"artists\":true,\"tracks\":[{\"src\":\"https:\/\/radiosoulvidafm.com.br\/wp-content\/uploads\/2024\/01\/13-LIMITE-DE-CARTAO.mp3\",\"type\":\"audio\/mpeg\",\"title\":\"13-LIMITE DE CART\\u00c3O\",\"caption\":\"\",\"description\":\"\\\"13-LIMITE DE CART\\u00c3O\\\".\",\"meta\":{\"length_formatted\":\"2:50\"},\"image\":{\"src\":\"https:\/\/radiosoulvidafm.com.br\/wp-includes\/images\/media\/audio.svg\",\"width\":48,\"height\":64},\"thumb\":{\"src\":\"https:\/\/radiosoulvidafm.com.br\/wp-includes\/images\/media\/audio.svg\",\"width\":48,\"height\":64}}]}<\/script>\n<\/div>\n\t<\/div><\/div>\n<div id=\"av_player-14\" class=\"av-player av-player-container av-lrf6yndv-d1f7132861c95c50e5391b9c63198788 avia-playerstyle-classic av_player-14  avia-builder-el-14  el_after_av_player  el_before_av_player  avia-playlist-hide-cover \"><div class=\"av-player-player-container\"><div class=\"wp-playlist wp-audio-playlist wp-playlist-light\">\n\t\t\t<div class=\"wp-playlist-current-item\"><\/div>\n\t\t<audio controls=\"controls\" preload=\"none\" width=\"1478\"\n\t\t\t><\/audio>\n\t<div class=\"wp-playlist-next\"><\/div>\n\t<div class=\"wp-playlist-prev\"><\/div>\n\t<noscript>\n\t<ol>\n\t\t<li><a href='https:\/\/radiosoulvidafm.com.br\/wp-content\/uploads\/2024\/01\/14-SAIDINHA-FINAL-DE-ANO.mp3'>14-SAIDINHA FINAL DE ANO<\/a><\/li>\t<\/ol>\n\t<\/noscript>\n\t<script type=\"application\/json\" class=\"wp-playlist-script\">{\"type\":\"audio\",\"tracklist\":true,\"tracknumbers\":true,\"images\":true,\"artists\":true,\"tracks\":[{\"src\":\"https:\/\/radiosoulvidafm.com.br\/wp-content\/uploads\/2024\/01\/14-SAIDINHA-FINAL-DE-ANO.mp3\",\"type\":\"audio\/mpeg\",\"title\":\"14-SAIDINHA FINAL DE ANO\",\"caption\":\"\",\"description\":\"\\\"14-SAIDINHA FINAL DE ANO\\\". Released: 2024.\",\"meta\":{\"year\":\"2024\",\"length_formatted\":\"3:01\"},\"image\":{\"src\":\"https:\/\/radiosoulvidafm.com.br\/wp-includes\/images\/media\/audio.svg\",\"width\":48,\"height\":64},\"thumb\":{\"src\":\"https:\/\/radiosoulvidafm.com.br\/wp-includes\/images\/media\/audio.svg\",\"width\":48,\"height\":64}}]}<\/script>\n<\/div>\n\t<\/div><\/div>\n<div id=\"av_player-15\" class=\"av-player av-player-container av-lrsbv8n5-9f4024de91e0c2ca63c2282660e6a814 avia-playerstyle-classic av_player-15  avia-builder-el-15  el_after_av_player  el_before_av_player  avia-playlist-hide-cover \"><div class=\"av-player-player-container\"><div class=\"wp-playlist wp-audio-playlist wp-playlist-light\">\n\t\t\t<div class=\"wp-playlist-current-item\"><\/div>\n\t\t<audio controls=\"controls\" preload=\"none\" width=\"1478\"\n\t\t\t><\/audio>\n\t<div class=\"wp-playlist-next\"><\/div>\n\t<div class=\"wp-playlist-prev\"><\/div>\n\t<noscript>\n\t<ol>\n\t\t<li><a href='https:\/\/radiosoulvidafm.com.br\/wp-content\/uploads\/2024\/01\/15-linha-rosa-do-metro.mp3'>15-linha rosa do metro<\/a><\/li>\t<\/ol>\n\t<\/noscript>\n\t<script type=\"application\/json\" class=\"wp-playlist-script\">{\"type\":\"audio\",\"tracklist\":true,\"tracknumbers\":true,\"images\":true,\"artists\":true,\"tracks\":[{\"src\":\"https:\/\/radiosoulvidafm.com.br\/wp-content\/uploads\/2024\/01\/15-linha-rosa-do-metro.mp3\",\"type\":\"audio\/mpeg\",\"title\":\"15-linha rosa do metro\",\"caption\":\"\",\"description\":\"\\\"15-linha rosa do metro\\\". Released: 2024. Genre: Blues.\",\"meta\":{\"genre\":\"Blues\",\"year\":\"2024\",\"length_formatted\":\"3:17\"},\"image\":{\"src\":\"https:\/\/radiosoulvidafm.com.br\/wp-includes\/images\/media\/audio.svg\",\"width\":48,\"height\":64},\"thumb\":{\"src\":\"https:\/\/radiosoulvidafm.com.br\/wp-includes\/images\/media\/audio.svg\",\"width\":48,\"height\":64}}]}<\/script>\n<\/div>\n\t<\/div><\/div>\n<div id=\"av_player-16\" class=\"av-player av-player-container av-lrsbw21a-9f10b416fdb0ff958aeaa1c8daedd995 avia-playerstyle-classic av_player-16  avia-builder-el-16  el_after_av_player  avia-builder-el-last  avia-playlist-hide-cover \"><div class=\"av-player-player-container\"><div class=\"wp-playlist wp-audio-playlist wp-playlist-light\">\n\t\t\t<div class=\"wp-playlist-current-item\"><\/div>\n\t\t<audio controls=\"controls\" preload=\"none\" width=\"1478\"\n\t\t\t><\/audio>\n\t<div class=\"wp-playlist-next\"><\/div>\n\t<div class=\"wp-playlist-prev\"><\/div>\n\t<noscript>\n\t<ol>\n\t\t<li><a href='https:\/\/radiosoulvidafm.com.br\/wp-content\/uploads\/2024\/01\/16-ciclistas-25-de-janeiro.mp3'>16-ciclistas 25 de janeiro<\/a><\/li>\t<\/ol>\n\t<\/noscript>\n\t<script type=\"application\/json\" class=\"wp-playlist-script\">{\"type\":\"audio\",\"tracklist\":true,\"tracknumbers\":true,\"images\":true,\"artists\":true,\"tracks\":[{\"src\":\"https:\/\/radiosoulvidafm.com.br\/wp-content\/uploads\/2024\/01\/16-ciclistas-25-de-janeiro.mp3\",\"type\":\"audio\/mpeg\",\"title\":\"16-ciclistas 25 de janeiro\",\"caption\":\"\",\"description\":\"\\\"16-ciclistas 25 de janeiro\\\". Released: 2024. Genre: Blues.\",\"meta\":{\"genre\":\"Blues\",\"year\":\"2024\",\"length_formatted\":\"2:48\"},\"image\":{\"src\":\"https:\/\/radiosoulvidafm.com.br\/wp-includes\/images\/media\/audio.svg\",\"width\":48,\"height\":64},\"thumb\":{\"src\":\"https:\/\/radiosoulvidafm.com.br\/wp-includes\/images\/media\/audio.svg\",\"width\":48,\"height\":64}}]}<\/script>\n<\/div>\n\t<\/div><\/div>\n","protected":false},"excerpt":{"rendered":"","protected":false},"author":1,"featured_media":0,"parent":0,"menu_order":0,"comment_status":"closed","ping_status":"closed","template":"","meta":{"footnotes":""},"class_list":["post-758","page","type-page","status-publish","hentry"],"_links":{"self":[{"href":"https:\/\/radiosoulvidafm.com.br\/index.php\/wp-json\/wp\/v2\/pages\/758","targetHints":{"allow":["GET"]}}],"collection":[{"href":"https:\/\/radiosoulvidafm.com.br\/index.php\/wp-json\/wp\/v2\/pages"}],"about":[{"href":"https:\/\/radiosoulvidafm.com.br\/index.php\/wp-json\/wp\/v2\/types\/page"}],"author":[{"embeddable":true,"href":"https:\/\/radiosoulvidafm.com.br\/index.php\/wp-json\/wp\/v2\/users\/1"}],"replies":[{"embeddable":true,"href":"https:\/\/radiosoulvidafm.com.br\/index.php\/wp-json\/wp\/v2\/comments?post=758"}],"version-history":[{"count":6,"href":"https:\/\/radiosoulvidafm.com.br\/index.php\/wp-json\/wp\/v2\/pages\/758\/revisions"}],"predecessor-version":[{"id":835,"href":"https:\/\/radiosoulvidafm.com.br\/index.php\/wp-json\/wp\/v2\/pages\/758\/revisions\/835"}],"wp:attachment":[{"href":"https:\/\/radiosoulvidafm.com.br\/index.php\/wp-json\/wp\/v2\/media?parent=758"}],"curies":[{"name":"wp","href":"https:\/\/api.w.org\/{rel}","templated":true}]}}